{"id":68,"date":"2020-06-03T20:11:05","date_gmt":"2020-06-03T17:11:05","guid":{"rendered":"http:\/\/demo.safirtema.com\/rota\/?page_id=68"},"modified":"2020-06-08T11:54:35","modified_gmt":"2020-06-08T08:54:35","slug":"foto-galeri","status":"publish","type":"page","link":"http:\/\/luxemgrup.com\/?page_id=68","title":{"rendered":"Foto Galeri (Lightbox)"},"content":{"rendered":"\n<p>Bu sayfada temadaki dahili Lightbox \u00f6zelli\u011fi ile eklenen bir galeri g\u00f6rmektesiniz. Lightbox \u00f6zelli\u011fini tema ayarlar\u0131ndan pasif edip kendi Lighbox eklentinizi de kullanabilirsiniz. Ayn\u0131 galerinin yeni sayfada a\u00e7\u0131lan haline <a href=\"http:\/\/luxemgrup.com\/?page_id=54\">buradan<\/a> ula\u015fabilirsiniz.<\/p>\n\n\n\n<figure class=\"wp-block-gallery columns-3 is-cropped wp-block-gallery-1 is-layout-flex wp-block-gallery-is-layout-flex\"><ul class=\"blocks-gallery-grid\"><li class=\"blocks-gallery-item\"><figure><a href=\"http:\/\/luxemgrup.com\/wp-content\/uploads\/2020\/06\/g00009.jpg\"><img loading=\"lazy\" decoding=\"async\" width=\"1000\" height=\"667\" src=\"http:\/\/luxemgrup.com\/wp-content\/uploads\/2020\/06\/g00009.jpg\" alt=\"\" data-id=\"65\" data-full-url=\"http:\/\/luxemgrup.com\/wp-content\/uploads\/2020\/06\/g00009.jpg\" data-link=\"http:\/\/luxemgrup.com\/?attachment_id=65\" class=\"wp-image-65\" srcset=\"http:\/\/luxemgrup.com\/wp-content\/uploads\/2020\/06\/g00009.jpg 1000w, http:\/\/luxemgrup.com\/wp-content\/uploads\/2020\/06\/g00009-300x200.jpg 300w, http:\/\/luxemgrup.com\/wp-content\/uploads\/2020\/06\/g00009-768x512.jpg 768w\" sizes=\"(max-width: 1000px) 100vw, 1000px\" \/><\/a><\/figure><\/li><li class=\"blocks-gallery-item\"><figure><a href=\"http:\/\/luxemgrup.com\/wp-content\/uploads\/2020\/06\/g00010.jpg\"><img loading=\"lazy\" decoding=\"async\" width=\"1000\" height=\"682\" src=\"http:\/\/luxemgrup.com\/wp-content\/uploads\/2020\/06\/g00010.jpg\" alt=\"\" data-id=\"66\" data-full-url=\"http:\/\/luxemgrup.com\/wp-content\/uploads\/2020\/06\/g00010.jpg\" data-link=\"http:\/\/luxemgrup.com\/?attachment_id=66\" class=\"wp-image-66\" srcset=\"http:\/\/luxemgrup.com\/wp-content\/uploads\/2020\/06\/g00010.jpg 1000w, http:\/\/luxemgrup.com\/wp-content\/uploads\/2020\/06\/g00010-300x205.jpg 300w, http:\/\/luxemgrup.com\/wp-content\/uploads\/2020\/06\/g00010-768x524.jpg 768w\" sizes=\"(max-width: 1000px) 100vw, 1000px\" \/><\/a><\/figure><\/li><li class=\"blocks-gallery-item\"><figure><a href=\"http:\/\/luxemgrup.com\/wp-content\/uploads\/2020\/06\/g00008.jpg\"><img loading=\"lazy\" decoding=\"async\" width=\"1000\" height=\"662\" src=\"http:\/\/luxemgrup.com\/wp-content\/uploads\/2020\/06\/g00008.jpg\" alt=\"\" data-id=\"64\" data-full-url=\"http:\/\/luxemgrup.com\/wp-content\/uploads\/2020\/06\/g00008.jpg\" data-link=\"http:\/\/luxemgrup.com\/?attachment_id=64\" class=\"wp-image-64\" srcset=\"http:\/\/luxemgrup.com\/wp-content\/uploads\/2020\/06\/g00008.jpg 1000w, http:\/\/luxemgrup.com\/wp-content\/uploads\/2020\/06\/g00008-300x199.jpg 300w, http:\/\/luxemgrup.com\/wp-content\/uploads\/2020\/06\/g00008-768x508.jpg 768w\" sizes=\"(max-width: 1000px) 100vw, 1000px\" \/><\/a><\/figure><\/li><li class=\"blocks-gallery-item\"><figure><a href=\"http:\/\/luxemgrup.com\/wp-content\/uploads\/2020\/06\/g00006.jpg\"><img loading=\"lazy\" decoding=\"async\" width=\"1000\" height=\"563\" src=\"http:\/\/luxemgrup.com\/wp-content\/uploads\/2020\/06\/g00006.jpg\" alt=\"\" data-id=\"62\" data-full-url=\"http:\/\/luxemgrup.com\/wp-content\/uploads\/2020\/06\/g00006.jpg\" data-link=\"http:\/\/luxemgrup.com\/?attachment_id=62\" class=\"wp-image-62\" srcset=\"http:\/\/luxemgrup.com\/wp-content\/uploads\/2020\/06\/g00006.jpg 1000w, http:\/\/luxemgrup.com\/wp-content\/uploads\/2020\/06\/g00006-300x169.jpg 300w, http:\/\/luxemgrup.com\/wp-content\/uploads\/2020\/06\/g00006-768x432.jpg 768w\" sizes=\"(max-width: 1000px) 100vw, 1000px\" \/><\/a><\/figure><\/li><li class=\"blocks-gallery-item\"><figure><a href=\"http:\/\/luxemgrup.com\/wp-content\/uploads\/2020\/06\/g00007.jpg\"><img loading=\"lazy\" decoding=\"async\" width=\"1000\" height=\"667\" src=\"http:\/\/luxemgrup.com\/wp-content\/uploads\/2020\/06\/g00007.jpg\" alt=\"\" data-id=\"63\" data-full-url=\"http:\/\/luxemgrup.com\/wp-content\/uploads\/2020\/06\/g00007.jpg\" data-link=\"http:\/\/luxemgrup.com\/?attachment_id=63\" class=\"wp-image-63\" srcset=\"http:\/\/luxemgrup.com\/wp-content\/uploads\/2020\/06\/g00007.jpg 1000w, http:\/\/luxemgrup.com\/wp-content\/uploads\/2020\/06\/g00007-300x200.jpg 300w, http:\/\/luxemgrup.com\/wp-content\/uploads\/2020\/06\/g00007-768x512.jpg 768w\" sizes=\"(max-width: 1000px) 100vw, 1000px\" \/><\/a><\/figure><\/li><li class=\"blocks-gallery-item\"><figure><a href=\"http:\/\/luxemgrup.com\/wp-content\/uploads\/2020\/06\/g00005.jpg\"><img loading=\"lazy\" decoding=\"async\" width=\"1000\" height=\"668\" src=\"http:\/\/luxemgrup.com\/wp-content\/uploads\/2020\/06\/g00005.jpg\" alt=\"\" data-id=\"61\" data-full-url=\"http:\/\/luxemgrup.com\/wp-content\/uploads\/2020\/06\/g00005.jpg\" data-link=\"http:\/\/luxemgrup.com\/?attachment_id=61\" class=\"wp-image-61\" srcset=\"http:\/\/luxemgrup.com\/wp-content\/uploads\/2020\/06\/g00005.jpg 1000w, http:\/\/luxemgrup.com\/wp-content\/uploads\/2020\/06\/g00005-300x200.jpg 300w, http:\/\/luxemgrup.com\/wp-content\/uploads\/2020\/06\/g00005-768x513.jpg 768w\" sizes=\"(max-width: 1000px) 100vw, 1000px\" \/><\/a><\/figure><\/li><li class=\"blocks-gallery-item\"><figure><a href=\"http:\/\/luxemgrup.com\/wp-content\/uploads\/2020\/06\/g00004.jpg\"><img loading=\"lazy\" decoding=\"async\" width=\"819\" height=\"1024\" src=\"http:\/\/luxemgrup.com\/wp-content\/uploads\/2020\/06\/g00004-819x1024.jpg\" alt=\"\" data-id=\"60\" data-full-url=\"http:\/\/luxemgrup.com\/wp-content\/uploads\/2020\/06\/g00004.jpg\" data-link=\"http:\/\/luxemgrup.com\/?attachment_id=60\" class=\"wp-image-60\" srcset=\"http:\/\/luxemgrup.com\/wp-content\/uploads\/2020\/06\/g00004-819x1024.jpg 819w, http:\/\/luxemgrup.com\/wp-content\/uploads\/2020\/06\/g00004-240x300.jpg 240w, http:\/\/luxemgrup.com\/wp-content\/uploads\/2020\/06\/g00004-768x960.jpg 768w, http:\/\/luxemgrup.com\/wp-content\/uploads\/2020\/06\/g00004.jpg 1000w\" sizes=\"(max-width: 819px) 100vw, 819px\" \/><\/a><\/figure><\/li><li class=\"blocks-gallery-item\"><figure><a href=\"http:\/\/luxemgrup.com\/wp-content\/uploads\/2020\/06\/g00003.jpg\"><img loading=\"lazy\" decoding=\"async\" width=\"1000\" height=\"589\" src=\"http:\/\/luxemgrup.com\/wp-content\/uploads\/2020\/06\/g00003.jpg\" alt=\"\" data-id=\"59\" data-full-url=\"http:\/\/luxemgrup.com\/wp-content\/uploads\/2020\/06\/g00003.jpg\" data-link=\"http:\/\/luxemgrup.com\/?attachment_id=59\" class=\"wp-image-59\" srcset=\"http:\/\/luxemgrup.com\/wp-content\/uploads\/2020\/06\/g00003.jpg 1000w, http:\/\/luxemgrup.com\/wp-content\/uploads\/2020\/06\/g00003-300x177.jpg 300w, http:\/\/luxemgrup.com\/wp-content\/uploads\/2020\/06\/g00003-768x452.jpg 768w\" sizes=\"(max-width: 1000px) 100vw, 1000px\" \/><\/a><\/figure><\/li><li class=\"blocks-gallery-item\"><figure><a href=\"http:\/\/luxemgrup.com\/wp-content\/uploads\/2020\/06\/g00002.jpg\"><img loading=\"lazy\" decoding=\"async\" width=\"1000\" height=\"667\" src=\"http:\/\/luxemgrup.com\/wp-content\/uploads\/2020\/06\/g00002.jpg\" alt=\"\" data-id=\"58\" data-full-url=\"http:\/\/luxemgrup.com\/wp-content\/uploads\/2020\/06\/g00002.jpg\" data-link=\"http:\/\/luxemgrup.com\/?attachment_id=58\" class=\"wp-image-58\" srcset=\"http:\/\/luxemgrup.com\/wp-content\/uploads\/2020\/06\/g00002.jpg 1000w, http:\/\/luxemgrup.com\/wp-content\/uploads\/2020\/06\/g00002-300x200.jpg 300w, http:\/\/luxemgrup.com\/wp-content\/uploads\/2020\/06\/g00002-768x512.jpg 768w\" sizes=\"(max-width: 1000px) 100vw, 1000px\" \/><\/a><\/figure><\/li><li class=\"blocks-gallery-item\"><figure><a href=\"http:\/\/luxemgrup.com\/wp-content\/uploads\/2020\/06\/g00001.jpg\"><img loading=\"lazy\" decoding=\"async\" width=\"1000\" height=\"750\" src=\"http:\/\/luxemgrup.com\/wp-content\/uploads\/2020\/06\/g00001.jpg\" alt=\"\" data-id=\"57\" data-full-url=\"http:\/\/luxemgrup.com\/wp-content\/uploads\/2020\/06\/g00001.jpg\" data-link=\"http:\/\/luxemgrup.com\/?attachment_id=57\" class=\"wp-image-57\" srcset=\"http:\/\/luxemgrup.com\/wp-content\/uploads\/2020\/06\/g00001.jpg 1000w, http:\/\/luxemgrup.com\/wp-content\/uploads\/2020\/06\/g00001-300x225.jpg 300w, http:\/\/luxemgrup.com\/wp-content\/uploads\/2020\/06\/g00001-768x576.jpg 768w\" sizes=\"(max-width: 1000px) 100vw, 1000px\" \/><\/a><\/figure><\/li><\/ul><\/figure>\n","protected":false},"excerpt":{"rendered":"<p>Bu sayfada temadaki dahili Lightbox \u00f6zelli\u011fi ile eklenen bir galeri g\u00f6rmektesiniz. Lightbox \u00f6zelli\u011fini tema ayarlar\u0131ndan pasif edip kendi Lighbox eklentinizi de kullanabilirsiniz. Ayn\u0131 galerinin yeni sayfada a\u00e7\u0131lan haline buradan ula\u015fabilirsiniz.<\/p>\n","protected":false},"author":1,"featured_media":0,"parent":0,"menu_order":0,"comment_status":"closed","ping_status":"closed","template":"","meta":{"footnotes":""},"class_list":["post-68","page","type-page","status-publish","hentry"],"_links":{"self":[{"href":"http:\/\/luxemgrup.com\/index.php?rest_route=\/wp\/v2\/pages\/68"}],"collection":[{"href":"http:\/\/luxemgrup.com\/index.php?rest_route=\/wp\/v2\/pages"}],"about":[{"href":"http:\/\/luxemgrup.com\/index.php?rest_route=\/wp\/v2\/types\/page"}],"author":[{"embeddable":true,"href":"http:\/\/luxemgrup.com\/index.php?rest_route=\/wp\/v2\/users\/1"}],"replies":[{"embeddable":true,"href":"http:\/\/luxemgrup.com\/index.php?rest_route=%2Fwp%2Fv2%2Fcomments&post=68"}],"version-history":[{"count":3,"href":"http:\/\/luxemgrup.com\/index.php?rest_route=\/wp\/v2\/pages\/68\/revisions"}],"predecessor-version":[{"id":72,"href":"http:\/\/luxemgrup.com\/index.php?rest_route=\/wp\/v2\/pages\/68\/revisions\/72"}],"wp:attachment":[{"href":"http:\/\/luxemgrup.com\/index.php?rest_route=%2Fwp%2Fv2%2Fmedia&parent=68"}],"curies":[{"name":"wp","href":"https:\/\/api.w.org\/{rel}","templated":true}]}}