{"id":23,"date":"2020-06-03T13:20:43","date_gmt":"2020-06-03T10:20:43","guid":{"rendered":"http:\/\/demo.safirtema.com\/rota\/?page_id=23"},"modified":"2020-06-03T13:24:46","modified_gmt":"2020-06-03T10:24:46","slug":"cozum-ortaklari","status":"publish","type":"page","link":"http:\/\/luxemgrup.com\/?page_id=23","title":{"rendered":"\u00c7\u00f6z\u00fcm Ortaklar\u0131"},"content":{"rendered":"\n<figure class=\"wp-block-gallery columns-3 is-cropped wp-block-gallery-1 is-layout-flex wp-block-gallery-is-layout-flex\"><ul class=\"blocks-gallery-grid\"><li class=\"blocks-gallery-item\"><figure><img loading=\"lazy\" decoding=\"async\" width=\"1024\" height=\"258\" src=\"http:\/\/luxemgrup.com\/wp-content\/uploads\/2020\/06\/adobe-1024x258.png\" alt=\"\" data-id=\"24\" data-full-url=\"http:\/\/luxemgrup.com\/wp-content\/uploads\/2020\/06\/adobe.png\" data-link=\"http:\/\/luxemgrup.com\/?attachment_id=24\" class=\"wp-image-24\" srcset=\"http:\/\/luxemgrup.com\/wp-content\/uploads\/2020\/06\/adobe-1024x258.png 1024w, http:\/\/luxemgrup.com\/wp-content\/uploads\/2020\/06\/adobe-300x75.png 300w, http:\/\/luxemgrup.com\/wp-content\/uploads\/2020\/06\/adobe-768x193.png 768w, http:\/\/luxemgrup.com\/wp-content\/uploads\/2020\/06\/adobe.png 1193w\" sizes=\"(max-width: 1024px) 100vw, 1024px\" \/><\/figure><\/li><li class=\"blocks-gallery-item\"><figure><img loading=\"lazy\" decoding=\"async\" width=\"1024\" height=\"226\" src=\"http:\/\/luxemgrup.com\/wp-content\/uploads\/2020\/06\/brother-1024x226.png\" alt=\"\" data-id=\"25\" data-full-url=\"http:\/\/luxemgrup.com\/wp-content\/uploads\/2020\/06\/brother.png\" data-link=\"http:\/\/luxemgrup.com\/?attachment_id=25\" class=\"wp-image-25\" srcset=\"http:\/\/luxemgrup.com\/wp-content\/uploads\/2020\/06\/brother-1024x226.png 1024w, http:\/\/luxemgrup.com\/wp-content\/uploads\/2020\/06\/brother-300x66.png 300w, http:\/\/luxemgrup.com\/wp-content\/uploads\/2020\/06\/brother-768x170.png 768w, http:\/\/luxemgrup.com\/wp-content\/uploads\/2020\/06\/brother.png 1253w\" sizes=\"(max-width: 1024px) 100vw, 1024px\" \/><\/figure><\/li><li class=\"blocks-gallery-item\"><figure><img loading=\"lazy\" decoding=\"async\" width=\"715\" height=\"150\" src=\"http:\/\/luxemgrup.com\/wp-content\/uploads\/2020\/06\/canon.png\" alt=\"\" data-id=\"26\" data-full-url=\"http:\/\/luxemgrup.com\/wp-content\/uploads\/2020\/06\/canon.png\" data-link=\"http:\/\/luxemgrup.com\/?attachment_id=26\" class=\"wp-image-26\" srcset=\"http:\/\/luxemgrup.com\/wp-content\/uploads\/2020\/06\/canon.png 715w, http:\/\/luxemgrup.com\/wp-content\/uploads\/2020\/06\/canon-300x63.png 300w\" sizes=\"(max-width: 715px) 100vw, 715px\" \/><\/figure><\/li><li class=\"blocks-gallery-item\"><figure><img loading=\"lazy\" decoding=\"async\" width=\"1024\" height=\"230\" src=\"http:\/\/luxemgrup.com\/wp-content\/uploads\/2020\/06\/epson-1024x230.png\" alt=\"\" data-id=\"27\" data-full-url=\"http:\/\/luxemgrup.com\/wp-content\/uploads\/2020\/06\/epson.png\" data-link=\"http:\/\/luxemgrup.com\/?attachment_id=27\" class=\"wp-image-27\" srcset=\"http:\/\/luxemgrup.com\/wp-content\/uploads\/2020\/06\/epson-1024x230.png 1024w, http:\/\/luxemgrup.com\/wp-content\/uploads\/2020\/06\/epson-300x67.png 300w, http:\/\/luxemgrup.com\/wp-content\/uploads\/2020\/06\/epson-768x173.png 768w, http:\/\/luxemgrup.com\/wp-content\/uploads\/2020\/06\/epson.png 1334w\" sizes=\"(max-width: 1024px) 100vw, 1024px\" \/><\/figure><\/li><li class=\"blocks-gallery-item\"><figure><img loading=\"lazy\" decoding=\"async\" width=\"563\" height=\"222\" src=\"http:\/\/luxemgrup.com\/wp-content\/uploads\/2020\/06\/hp.png\" alt=\"\" data-id=\"28\" data-full-url=\"http:\/\/luxemgrup.com\/wp-content\/uploads\/2020\/06\/hp.png\" data-link=\"http:\/\/luxemgrup.com\/?attachment_id=28\" class=\"wp-image-28\" srcset=\"http:\/\/luxemgrup.com\/wp-content\/uploads\/2020\/06\/hp.png 563w, http:\/\/luxemgrup.com\/wp-content\/uploads\/2020\/06\/hp-300x118.png 300w\" sizes=\"(max-width: 563px) 100vw, 563px\" \/><\/figure><\/li><li class=\"blocks-gallery-item\"><figure><img loading=\"lazy\" decoding=\"async\" width=\"1024\" height=\"219\" src=\"http:\/\/luxemgrup.com\/wp-content\/uploads\/2020\/06\/kyocera-1024x219.png\" alt=\"\" data-id=\"29\" data-full-url=\"http:\/\/luxemgrup.com\/wp-content\/uploads\/2020\/06\/kyocera.png\" data-link=\"http:\/\/luxemgrup.com\/?attachment_id=29\" class=\"wp-image-29\" srcset=\"http:\/\/luxemgrup.com\/wp-content\/uploads\/2020\/06\/kyocera-1024x219.png 1024w, http:\/\/luxemgrup.com\/wp-content\/uploads\/2020\/06\/kyocera-300x64.png 300w, http:\/\/luxemgrup.com\/wp-content\/uploads\/2020\/06\/kyocera-768x165.png 768w, http:\/\/luxemgrup.com\/wp-content\/uploads\/2020\/06\/kyocera.png 1400w\" sizes=\"(max-width: 1024px) 100vw, 1024px\" \/><\/figure><\/li><li class=\"blocks-gallery-item\"><figure><img loading=\"lazy\" decoding=\"async\" width=\"1024\" height=\"256\" src=\"http:\/\/luxemgrup.com\/wp-content\/uploads\/2020\/06\/lexmark-1024x256.png\" alt=\"\" data-id=\"30\" data-full-url=\"http:\/\/luxemgrup.com\/wp-content\/uploads\/2020\/06\/lexmark.png\" data-link=\"http:\/\/luxemgrup.com\/?attachment_id=30\" class=\"wp-image-30\" srcset=\"http:\/\/luxemgrup.com\/wp-content\/uploads\/2020\/06\/lexmark-1024x256.png 1024w, http:\/\/luxemgrup.com\/wp-content\/uploads\/2020\/06\/lexmark-300x75.png 300w, http:\/\/luxemgrup.com\/wp-content\/uploads\/2020\/06\/lexmark-768x192.png 768w, http:\/\/luxemgrup.com\/wp-content\/uploads\/2020\/06\/lexmark.png 1112w\" sizes=\"(max-width: 1024px) 100vw, 1024px\" \/><\/figure><\/li><li class=\"blocks-gallery-item\"><figure><img loading=\"lazy\" decoding=\"async\" width=\"923\" height=\"300\" src=\"http:\/\/luxemgrup.com\/wp-content\/uploads\/2020\/06\/navigator.png\" alt=\"\" data-id=\"31\" data-full-url=\"http:\/\/luxemgrup.com\/wp-content\/uploads\/2020\/06\/navigator.png\" data-link=\"http:\/\/luxemgrup.com\/?attachment_id=31\" class=\"wp-image-31\" srcset=\"http:\/\/luxemgrup.com\/wp-content\/uploads\/2020\/06\/navigator.png 923w, http:\/\/luxemgrup.com\/wp-content\/uploads\/2020\/06\/navigator-300x98.png 300w, http:\/\/luxemgrup.com\/wp-content\/uploads\/2020\/06\/navigator-768x250.png 768w\" sizes=\"(max-width: 923px) 100vw, 923px\" \/><\/figure><\/li><li class=\"blocks-gallery-item\"><figure><img loading=\"lazy\" decoding=\"async\" width=\"536\" height=\"150\" src=\"http:\/\/luxemgrup.com\/wp-content\/uploads\/2020\/06\/xerox.png\" alt=\"\" data-id=\"32\" data-full-url=\"http:\/\/luxemgrup.com\/wp-content\/uploads\/2020\/06\/xerox.png\" data-link=\"http:\/\/luxemgrup.com\/?attachment_id=32\" class=\"wp-image-32\" srcset=\"http:\/\/luxemgrup.com\/wp-content\/uploads\/2020\/06\/xerox.png 536w, http:\/\/luxemgrup.com\/wp-content\/uploads\/2020\/06\/xerox-300x84.png 300w\" sizes=\"(max-width: 536px) 100vw, 536px\" \/><\/figure><\/li><\/ul><\/figure>\n","protected":false},"excerpt":{"rendered":"","protected":false},"author":1,"featured_media":0,"parent":0,"menu_order":0,"comment_status":"closed","ping_status":"closed","template":"pages\/page-references.php","meta":{"footnotes":""},"class_list":["post-23","page","type-page","status-publish","hentry"],"_links":{"self":[{"href":"http:\/\/luxemgrup.com\/index.php?rest_route=\/wp\/v2\/pages\/23"}],"collection":[{"href":"http:\/\/luxemgrup.com\/index.php?rest_route=\/wp\/v2\/pages"}],"about":[{"href":"http:\/\/luxemgrup.com\/index.php?rest_route=\/wp\/v2\/types\/page"}],"author":[{"embeddable":true,"href":"http:\/\/luxemgrup.com\/index.php?rest_route=\/wp\/v2\/users\/1"}],"replies":[{"embeddable":true,"href":"http:\/\/luxemgrup.com\/index.php?rest_route=%2Fwp%2Fv2%2Fcomments&post=23"}],"version-history":[{"count":4,"href":"http:\/\/luxemgrup.com\/index.php?rest_route=\/wp\/v2\/pages\/23\/revisions"}],"predecessor-version":[{"id":36,"href":"http:\/\/luxemgrup.com\/index.php?rest_route=\/wp\/v2\/pages\/23\/revisions\/36"}],"wp:attachment":[{"href":"http:\/\/luxemgrup.com\/index.php?rest_route=%2Fwp%2Fv2%2Fmedia&parent=23"}],"curies":[{"name":"wp","href":"https:\/\/api.w.org\/{rel}","templated":true}]}}